{"id":504,"date":"2024-11-05T15:22:53","date_gmt":"2024-11-05T14:22:53","guid":{"rendered":"https:\/\/infopark.hu\/parkolas\/"},"modified":"2025-03-05T15:39:38","modified_gmt":"2025-03-05T14:39:38","slug":"parking","status":"publish","type":"page","link":"https:\/\/infopark.hu\/en\/parking\/","title":{"rendered":"Parking"},"content":{"rendered":"<div id=\"pl-504\"  class=\"panel-layout\" ><div id=\"pg-504-0\"  class=\"panel-grid panel-no-style\" ><div id=\"pgc-504-0-0\"  class=\"panel-grid-cell\" ><div id=\"panel-504-0-0-0\" class=\"so-panel widget widget_ndm-image panel-first-child panel-last-child\" data-index=\"0\" ><div\n\t\t\t\n\t\t\tclass=\"so-widget-ndm-image so-widget-ndm-image-default-d75171398898-504\"\n\t\t\t\n\t\t><figure class=\"ndm-image mb-3\"><img decoding=\"async\" src=\"https:\/\/infopark.hu\/wp-content\/uploads\/2024\/11\/berelheto-felszini-parkolok-2023.jpg\" srcset=\"https:\/\/infopark.hu\/wp-content\/uploads\/2024\/11\/berelheto-felszini-parkolok-2023.jpg 150w, https:\/\/infopark.hu\/wp-content\/uploads\/2024\/11\/berelheto-felszini-parkolok-2023.jpg 394w, https:\/\/infopark.hu\/wp-content\/uploads\/2024\/11\/berelheto-felszini-parkolok-2023-768x328.jpg 640w, https:\/\/infopark.hu\/wp-content\/uploads\/2024\/11\/berelheto-felszini-parkolok-2023.jpg 640w, https:\/\/infopark.hu\/wp-content\/uploads\/2024\/11\/berelheto-felszini-parkolok-2023.jpg 1147w, https:\/\/infopark.hu\/wp-content\/uploads\/2024\/11\/berelheto-felszini-parkolok-2023.jpg 1147w, https:\/\/infopark.hu\/wp-content\/uploads\/2024\/11\/berelheto-felszini-parkolok-2023-501x376.jpg 501w, https:\/\/infopark.hu\/wp-content\/uploads\/2024\/11\/berelheto-felszini-parkolok-2023-692x490.jpg 692w, https:\/\/infopark.hu\/wp-content\/uploads\/2024\/11\/berelheto-felszini-parkolok-2023-936x490.jpg 936w, https:\/\/infopark.hu\/wp-content\/uploads\/2024\/11\/berelheto-felszini-parkolok-2023-400x300.jpg 400w\" title=\"Infopark Budapest\" alt=\"B\u00e9relhet\u0151 felsz\u00edni parkol\u00f3k\" loading=\"lazy\"><figcaption class=\"text-center\">Exclusive parking spaces for rent directly next to the buildings. Inquiries: +36 30 932 9651<\/figcaption><\/figure><\/div><\/div><\/div><\/div><div id=\"pg-504-1\"  class=\"panel-grid panel-no-style\" ><div id=\"pgc-504-1-0\"  class=\"panel-grid-cell\" ><div id=\"panel-504-1-0-0\" class=\"so-panel widget widget_ndm-editor panel-first-child panel-last-child\" data-index=\"1\" ><div\n\t\t\t\n\t\t\tclass=\"so-widget-ndm-editor so-widget-ndm-editor-default-d75171398898-504\"\n\t\t\t\n\t\t><div class=\"ndm-editor mb-3 ndm-editor--hl\" data-columns=\"1\"><p><span class=\"HwtZe\" lang=\"en\"><span class=\"jCAhz ChMk0b\"><span class=\"ryNqvb\">A newly constructed, 100-space surface parking lot operated by Park and Go has opened in the Infopark area, opposite Building G. For private individuals, hourly, half-day, and daily parking is available, as well as a limited number of monthly passes.<\/span><\/span><\/span><\/p>\n<p><span class=\"HwtZe\" lang=\"en\"><span class=\"jCAhz ChMk0b\"><span class=\"ryNqvb\">Rental conditions for private individuals:<\/span><\/span><\/span><\/p>\n<\/div><\/div><\/div><\/div><\/div><div id=\"pg-504-2\"  class=\"panel-grid panel-no-style\" ><div id=\"pgc-504-2-0\"  class=\"panel-grid-cell\" ><div id=\"panel-504-2-0-0\" class=\"so-panel widget widget_ndm-tariff panel-first-child panel-last-child\" data-index=\"2\" ><div\n\t\t\t\n\t\t\tclass=\"so-widget-ndm-tariff so-widget-ndm-tariff-default-d75171398898-504\"\n\t\t\t\n\t\t><p class=\"d-flex align items-center justify-content-between d-lg-none mb-1\">\r\n\t<i>G\u00f6rgess jobbra!<\/i>\r\n\t<svg xmlns=\"http:\/\/www.w3.org\/2000\/svg\" width=\"16\" height=\"16\" fill=\"currentColor\" class=\"bi bi-arrow-right-square-fill\" viewBox=\"0 0 16 16\">\r\n\t\t<path d=\"M0 14a2 2 0 0 0 2 2h12a2 2 0 0 0 2-2V2a2 2 0 0 0-2-2H2a2 2 0 0 0-2 2zm4.5-6.5h5.793L8.146 5.354a.5.5 0 1 1 .708-.708l3 3a.5.5 0 0 1 0 .708l-3 3a.5.5 0 0 1-.708-.708L10.293 8.5H4.5a.5.5 0 0 1 0-1\"\/>\r\n\t<\/svg>\r\n<\/p>\r\n<div class=\"ndm-sr mb-3 mb-lg-4\">\r\n\t<div class=\"ndm-sr__header d-flex\">\r\n\t\t<p>D\u00edjszab\u00e1s (HUF)<\/p>\r\n\t\t<p class=\"text-end\">\u00d3ra<\/p>\r\n\t\t<p class=\"text-end\">Nap (12h)<\/p>\r\n\t\t<p class=\"text-end\">Nap (24h)<\/p>\r\n\t\t<p class=\"text-end\">H\u00f3nap<\/p>\r\n\t<\/div>\r\n\t\t\t\t\t\t<div class=\"ndm-sr__row d-flex\">\r\n\t\t\t\t\t\t<p>Motorcycle<\/p><p class=\"text-end\">160 Ft<\/p><p class=\"text-end\">1290 Ft<\/p><p class=\"text-end\">1500 Ft<\/p><p class=\"text-end\">19400 Ft<\/p>\t\t\t\t\t<\/div>\r\n\t\t\t\t\t\t\t\t\t<div class=\"ndm-sr__row d-flex\">\r\n\t\t\t\t\t\t<p>Car<\/p><p class=\"text-end\">250 Ft<\/p><p class=\"text-end\">1600 Ft<\/p><p class=\"text-end\">2300 Ft<\/p><p class=\"text-end\">27500 Ft<\/p>\t\t\t\t\t<\/div>\r\n\t\t\t\t\t\t\t\t\t<div class=\"ndm-sr__row d-flex\">\r\n\t\t\t\t\t\t<p>Van<\/p><p class=\"text-end\">350 Ft<\/p><p class=\"text-end\">2000 Ft<\/p><p class=\"text-end\">2550 Ft<\/p><p class=\"text-end\">31600 Ft<\/p>\t\t\t\t\t<\/div>\r\n\t\t\t\t<\/div><\/div><\/div><\/div><\/div><div id=\"pg-504-3\"  class=\"panel-grid panel-no-style\" ><div id=\"pgc-504-3-0\"  class=\"panel-grid-cell\" ><div id=\"panel-504-3-0-0\" class=\"so-panel widget widget_ndm-image panel-first-child panel-last-child\" data-index=\"3\" ><div\n\t\t\t\n\t\t\tclass=\"so-widget-ndm-image so-widget-ndm-image-default-d75171398898-504\"\n\t\t\t\n\t\t><figure class=\"ndm-image mb-3\"><img decoding=\"async\" src=\"https:\/\/infopark.hu\/wp-content\/uploads\/2024\/11\/parkolas-2021-02.jpg\" srcset=\"https:\/\/infopark.hu\/wp-content\/uploads\/2024\/11\/parkolas-2021-02.jpg 150w, https:\/\/infopark.hu\/wp-content\/uploads\/2024\/11\/parkolas-2021-02.jpg 394w, https:\/\/infopark.hu\/wp-content\/uploads\/2024\/11\/parkolas-2021-02-768x496.jpg 640w, https:\/\/infopark.hu\/wp-content\/uploads\/2024\/11\/parkolas-2021-02.jpg 640w, https:\/\/infopark.hu\/wp-content\/uploads\/2024\/11\/parkolas-2021-02.jpg 814w, https:\/\/infopark.hu\/wp-content\/uploads\/2024\/11\/parkolas-2021-02.jpg 814w, https:\/\/infopark.hu\/wp-content\/uploads\/2024\/11\/parkolas-2021-02-501x376.jpg 501w, https:\/\/infopark.hu\/wp-content\/uploads\/2024\/11\/parkolas-2021-02-692x519.jpg 692w, https:\/\/infopark.hu\/wp-content\/uploads\/2024\/11\/parkolas-2021-02.jpg 814w, https:\/\/infopark.hu\/wp-content\/uploads\/2024\/11\/parkolas-2021-02-400x300.jpg 400w\" title=\"Infopark Budapest\" alt=\"Parkol\u00e1s\" loading=\"lazy\"><\/figure><\/div><\/div><\/div><div id=\"pgc-504-3-1\"  class=\"panel-grid-cell\" ><div id=\"panel-504-3-1-0\" class=\"so-panel widget widget_sow-editor panel-first-child panel-last-child\" data-index=\"4\" ><div\n\t\t\t\n\t\t\tclass=\"so-widget-sow-editor so-widget-sow-editor-base\"\n\t\t\t\n\t\t>\n<div class=\"siteorigin-widget-tinymce textwidget\">\n\t<p><span class=\"HwtZe\" lang=\"en\"><span class=\"jCAhz ChMk0b\"><span class=\"ryNqvb\">Opening hours: on weekdays from 7 am to 7 pm. During this interval a parking attendant will be present in the area. Outside the opening hours an authorized persons can access the parking lot at any time via the application.<\/span><\/span><\/span><\/p>\n<p><strong>Contact details:<\/strong><br \/>\n<strong>Web:<\/strong> <a href=\"http:\/\/www.parkandgo.hu\" target=\"_blank\" rel=\"noopener\">www.parkandgo.hu<\/a><br \/>\n<strong>Email:<\/strong> <a href=\"mailto:info@parkandgo.hu\">info@parkandgo.hu<\/a><br \/>\n<strong>Mobil:<\/strong> <a href=\"tel:0036307422648\">+36 30 742 2648<\/a><\/p>\n<p><strong>Operator details:<\/strong><br \/>\n<strong>Name:<\/strong> Park and Go Kft.<br \/>\n<strong>Registered office:<\/strong> 1238 Budapest, Grassalkovich \u00fat 40.<br \/>\n<strong>Tax number:<\/strong> 13665472-2-43<br \/>\n<a href=\"https:\/\/parkandgo.hu\/parkoloink\/infopark\/\" target=\"_blank\" rel=\"noopener\">https:\/\/parkandgo.hu\/parkoloink\/infopark\/<\/a><\/p>\n<\/div>\n<\/div><\/div><\/div><\/div><div id=\"pg-504-4\"  class=\"panel-grid panel-no-style\" ><div id=\"pgc-504-4-0\"  class=\"panel-grid-cell\" ><div id=\"panel-504-4-0-0\" class=\"so-panel widget widget_sow-editor panel-first-child panel-last-child\" data-index=\"5\" ><div\n\t\t\t\n\t\t\tclass=\"so-widget-sow-editor so-widget-sow-editor-base\"\n\t\t\t\n\t\t>\n<div class=\"siteorigin-widget-tinymce textwidget\">\n\t<p><strong><span class=\"HwtZe\" lang=\"en\"><span class=\"jCAhz ChMk0b\"><span class=\"ryNqvb\">Conditions for corporate partners:<\/span><\/span><\/span>:<\/strong><\/p>\n<ul>\n<li><span class=\"HwtZe\" lang=\"en\"><span class=\"jCAhz ChMk0b\"><span class=\"ryNqvb\">The capacity of approximately 100 spaces can be reserved in the order of contract signing<\/span><\/span><\/span><\/li>\n<li><span class=\"HwtZe\" lang=\"en\"><span class=\"jCAhz ChMk0b\"><span class=\"ryNqvb\">It is also possible to reserve dedicated spaces, which can be used by several users regardless of the number of spaces rented, of course at the same time, only with a number of passenger vehicles corresponding to the capacity of the rented spaces.<\/span><\/span> <span class=\"jCAhz ChMk0b\"><span class=\"ryNqvb\">These spaces are marked with an inscription referring to the contracted partner.<\/span><\/span> <span class=\"jCAhz ChMk0b\"><span class=\"ryNqvb\">The service provider provides a parking card corresponding to the number of spaces rented, for a 20% surcharge compared to the basic fee.<\/span><\/span><\/span><\/li>\n<li><span class=\"HwtZe\" lang=\"en\"><span class=\"jCAhz ChMk0b\"><span class=\"ryNqvb\">Contracts can be concluded for an indefinite period, with a 90-day notice period, relevant invoices are issued in advance, on the 25th day of the month preceding the month in question, with an 8-day payment deadline.<\/span><\/span><\/span><\/li>\n<li><span class=\"HwtZe\" lang=\"en\"><span class=\"jCAhz ChMk0b\"><span class=\"ryNqvb\">The management of company guest parking spaces is done by subsequent settlement, issuing a collective invoice<\/span><\/span><\/span>.<\/li>\n<\/ul>\n<\/div>\n<\/div><\/div><\/div><div id=\"pgc-504-4-1\"  class=\"panel-grid-cell\" ><div id=\"panel-504-4-1-0\" class=\"so-panel widget widget_ndm-image panel-first-child panel-last-child\" data-index=\"6\" ><div\n\t\t\t\n\t\t\tclass=\"so-widget-ndm-image so-widget-ndm-image-default-d75171398898-504\"\n\t\t\t\n\t\t><figure class=\"ndm-image mb-3\"><img decoding=\"async\" src=\"https:\/\/infopark.hu\/wp-content\/uploads\/2024\/11\/parkolas-2021-01.jpg\" srcset=\"https:\/\/infopark.hu\/wp-content\/uploads\/2024\/11\/parkolas-2021-01.jpg 150w, https:\/\/infopark.hu\/wp-content\/uploads\/2024\/11\/parkolas-2021-01.jpg 344w, https:\/\/infopark.hu\/wp-content\/uploads\/2024\/11\/parkolas-2021-01.jpg 344w, https:\/\/infopark.hu\/wp-content\/uploads\/2024\/11\/parkolas-2021-01.jpg 344w, https:\/\/infopark.hu\/wp-content\/uploads\/2024\/11\/parkolas-2021-01.jpg 344w, https:\/\/infopark.hu\/wp-content\/uploads\/2024\/11\/parkolas-2021-01.jpg 344w, https:\/\/infopark.hu\/wp-content\/uploads\/2024\/11\/parkolas-2021-01.jpg 344w, https:\/\/infopark.hu\/wp-content\/uploads\/2024\/11\/parkolas-2021-01.jpg 344w, https:\/\/infopark.hu\/wp-content\/uploads\/2024\/11\/parkolas-2021-01.jpg 344w, https:\/\/infopark.hu\/wp-content\/uploads\/2024\/11\/parkolas-2021-01-344x300.jpg 344w\" title=\"Infopark Budapest\" alt=\"Parkol\u00e1s\" loading=\"lazy\"><\/figure><\/div><\/div><\/div><\/div><div id=\"pg-504-5\"  class=\"panel-grid panel-no-style\" ><div id=\"pgc-504-5-0\"  class=\"panel-grid-cell\" ><div id=\"panel-504-5-0-0\" class=\"so-panel widget widget_sow-editor panel-first-child panel-last-child\" data-index=\"7\" ><div\n\t\t\t\n\t\t\tclass=\"so-widget-sow-editor so-widget-sow-editor-base\"\n\t\t\t\n\t\t>\n<div class=\"siteorigin-widget-tinymce textwidget\">\n\t<p><span class=\"HwtZe\" lang=\"en\"><span class=\"jCAhz ChMk0b\"><span class=\"ryNqvb\">Infopark offers numerous parking options for its tenants and their guests.<\/span><\/span> <span class=\"jCAhz ChMk0b\"><span class=\"ryNqvb\">The ratio of rentable parking spaces is 1 parking space \/ 50 m2 rental area (of course, more parking spaces can be rented upon request).<\/span><\/span> <span class=\"jCAhz ChMk0b\"><span class=\"ryNqvb\">There are a total of 1,347 rentable parking spaces in the Infopark area in surface, covered and underground parking lots.<\/span><\/span><\/span><\/p>\n<\/div>\n<\/div><\/div><\/div><\/div><div id=\"pg-504-6\"  class=\"panel-grid panel-no-style\" ><div id=\"pgc-504-6-0\"  class=\"panel-grid-cell\" ><div id=\"panel-504-6-0-0\" class=\"so-panel widget widget_ndm-image panel-first-child panel-last-child\" data-index=\"8\" ><div\n\t\t\t\n\t\t\tclass=\"so-widget-ndm-image so-widget-ndm-image-default-d75171398898-504\"\n\t\t\t\n\t\t><figure class=\"ndm-image mb-3\"><img decoding=\"async\" src=\"https:\/\/infopark.hu\/wp-content\/uploads\/2024\/11\/berelheto-felszini-parkolok-2023.jpg\" srcset=\"https:\/\/infopark.hu\/wp-content\/uploads\/2024\/11\/berelheto-felszini-parkolok-2023.jpg 150w, https:\/\/infopark.hu\/wp-content\/uploads\/2024\/11\/berelheto-felszini-parkolok-2023.jpg 394w, https:\/\/infopark.hu\/wp-content\/uploads\/2024\/11\/berelheto-felszini-parkolok-2023-768x328.jpg 640w, https:\/\/infopark.hu\/wp-content\/uploads\/2024\/11\/berelheto-felszini-parkolok-2023.jpg 640w, https:\/\/infopark.hu\/wp-content\/uploads\/2024\/11\/berelheto-felszini-parkolok-2023.jpg 1147w, https:\/\/infopark.hu\/wp-content\/uploads\/2024\/11\/berelheto-felszini-parkolok-2023.jpg 1147w, https:\/\/infopark.hu\/wp-content\/uploads\/2024\/11\/berelheto-felszini-parkolok-2023-501x376.jpg 501w, https:\/\/infopark.hu\/wp-content\/uploads\/2024\/11\/berelheto-felszini-parkolok-2023-692x490.jpg 692w, https:\/\/infopark.hu\/wp-content\/uploads\/2024\/11\/berelheto-felszini-parkolok-2023-936x490.jpg 936w, https:\/\/infopark.hu\/wp-content\/uploads\/2024\/11\/berelheto-felszini-parkolok-2023-400x300.jpg 400w\" title=\"Infopark Budapest\" alt=\"B\u00e9relhet\u0151 felsz\u00edni parkol\u00f3k\" loading=\"lazy\"><\/figure><\/div><\/div><\/div><\/div><div id=\"pg-504-7\"  class=\"panel-grid panel-no-style\" ><div id=\"pgc-504-7-0\"  class=\"panel-grid-cell\" ><div id=\"panel-504-7-0-0\" class=\"so-panel widget widget_sow-editor panel-first-child panel-last-child\" data-index=\"9\" ><div\n\t\t\t\n\t\t\tclass=\"so-widget-sow-editor so-widget-sow-editor-base\"\n\t\t\t\n\t\t>\n<div class=\"siteorigin-widget-tinymce textwidget\">\n\t<h3>Chargeable parking in the streets around Infopark<\/h3>\n<ul>\n<li>Neumann J\u00e1nos utca<\/li>\n<li>Hevesy Gy\u00f6rgy \u00fat<\/li>\n<li>Magyar Tud\u00f3sok k\u00f6r\u00fatja<\/li>\n<li>Magyar Nobel-d\u00edjasok \u00fatja<\/li>\n<\/ul>\n<\/div>\n<\/div><\/div><\/div><div id=\"pgc-504-7-1\"  class=\"panel-grid-cell\" ><div id=\"panel-504-7-1-0\" class=\"so-panel widget widget_sow-editor panel-first-child panel-last-child\" data-index=\"10\" ><div\n\t\t\t\n\t\t\tclass=\"so-widget-sow-editor so-widget-sow-editor-base\"\n\t\t\t\n\t\t>\n<div class=\"siteorigin-widget-tinymce textwidget\">\n\t<h3>Leasable parking spaces in covered and surface parking lots<\/h3>\n<ul>\n<li>There are six surface parking areas offering covered and non-covered surface parking places<\/li>\n<li>Number of parking places: 516<\/li>\n<li>Parking ratio: 1 lot \/ 50 m<sup>2<\/sup>\u00a0rented office area<\/li>\n<\/ul>\n<\/div>\n<\/div><\/div><\/div><div id=\"pgc-504-7-2\"  class=\"panel-grid-cell\" ><div id=\"panel-504-7-2-0\" class=\"so-panel widget widget_sow-editor panel-first-child panel-last-child\" data-index=\"11\" ><div\n\t\t\t\n\t\t\tclass=\"so-widget-sow-editor so-widget-sow-editor-base\"\n\t\t\t\n\t\t>\n<div class=\"siteorigin-widget-tinymce textwidget\">\n\t<h3>Leasable parking spaces in undergound parking garages<\/h3>\n<ul>\n<li>Multi-storey underground parking garages in buildings B, C, D and E<\/li>\n<li>Total number of parking spaces: 831<\/li>\n<li>Parking ratio: 1 lot \/ 50 m<sup>2<\/sup>\u00a0rented office area<\/li>\n<\/ul>\n<\/div>\n<\/div><\/div><\/div><\/div><\/div>","protected":false},"excerpt":{"rendered":"<p>Exclusive parking spaces for rent directly next to the buildings. Inquiries: +36 30 932 9651A newly&#8230;<\/p>\n","protected":false},"author":2,"featured_media":0,"parent":0,"menu_order":4,"comment_status":"closed","ping_status":"closed","template":"fullwidth.php","meta":{"footnotes":""},"class_list":["post-504","page","type-page","status-publish","hentry"],"_links":{"self":[{"href":"https:\/\/infopark.hu\/en\/wp-json\/wp\/v2\/pages\/504","targetHints":{"allow":["GET"]}}],"collection":[{"href":"https:\/\/infopark.hu\/en\/wp-json\/wp\/v2\/pages"}],"about":[{"href":"https:\/\/infopark.hu\/en\/wp-json\/wp\/v2\/types\/page"}],"author":[{"embeddable":true,"href":"https:\/\/infopark.hu\/en\/wp-json\/wp\/v2\/users\/2"}],"replies":[{"embeddable":true,"href":"https:\/\/infopark.hu\/en\/wp-json\/wp\/v2\/comments?post=504"}],"version-history":[{"count":9,"href":"https:\/\/infopark.hu\/en\/wp-json\/wp\/v2\/pages\/504\/revisions"}],"predecessor-version":[{"id":988,"href":"https:\/\/infopark.hu\/en\/wp-json\/wp\/v2\/pages\/504\/revisions\/988"}],"wp:attachment":[{"href":"https:\/\/infopark.hu\/en\/wp-json\/wp\/v2\/media?parent=504"}],"curies":[{"name":"wp","href":"https:\/\/api.w.org\/{rel}","templated":true}]}}