{"id":500,"date":"2024-11-05T15:16:55","date_gmt":"2024-11-05T14:16:55","guid":{"rendered":"https:\/\/infopark.hu\/megkozelithetoseg\/"},"modified":"2025-02-26T16:03:04","modified_gmt":"2025-02-26T15:03:04","slug":"accessibility","status":"publish","type":"page","link":"https:\/\/infopark.hu\/en\/accessibility\/","title":{"rendered":"Accessibility, nearby sights"},"content":{"rendered":"<div id=\"pl-500\"  class=\"panel-layout\" ><div id=\"pg-500-0\"  class=\"panel-grid panel-no-style\" ><div id=\"pgc-500-0-0\"  class=\"panel-grid-cell\" ><div id=\"panel-500-0-0-0\" class=\"so-panel widget widget_ndm-editor panel-first-child\" data-index=\"0\" ><div\n\t\t\t\n\t\t\tclass=\"so-widget-ndm-editor so-widget-ndm-editor-default-d75171398898-500\"\n\t\t\t\n\t\t><div class=\"ndm-editor mb-3 ndm-editor--hl\" data-columns=\"1\"><p>Infopark is situated in the 11th district of Budapest, near the Buda abutment of R\u00e1k\u00f3czi\u00a0bridge, in the neighbourhood of the university buildings, opposite the National Theatre and the Palace of Arts. The streets bordering Infopark are Hevesy Gy\u00f6rgy street, Magyar Tud\u00f3sok boulevard, Magyar Nobel-d\u00edjasok street and Neumann J\u00e1nos street.<\/p>\n<\/div><\/div><\/div><div id=\"panel-500-0-0-1\" class=\"so-panel widget widget_ndm-editor panel-last-child\" data-index=\"1\" ><div\n\t\t\t\n\t\t\tclass=\"so-widget-ndm-editor so-widget-ndm-editor-default-d75171398898-500\"\n\t\t\t\n\t\t><div class=\"ndm-editor mb-3\" data-columns=\"1\"><p>The area is easy to access by car, by bicycle or by public transport:<\/p>\n<ul>\n<li><strong>Bus:<\/strong> 107, 133E, 224, 55, 153<\/li>\n<li><strong>Tram:<\/strong> 1 ; with transfer : 2, 4, 6, 24<\/li>\n<li><strong>Subway:<\/strong> M4 ; with transfer M3<\/li>\n<li><strong>Suburban railway:<\/strong> H6<\/li>\n<li><strong>Ferihegy Airport:<\/strong> 25-30 minutes (by car)<\/li>\n<li><strong>Motorways\u00a0(M0, M1, M5, M6, M7):<\/strong> 10-15 minutes<\/li>\n<li><strong>Local and international bus terminals (Kelenf\u00f6ld, N\u00e9pliget):<\/strong> 5-10 minutes<\/li>\n<\/ul>\n<\/div><\/div><\/div><\/div><\/div><div id=\"pg-500-1\"  class=\"panel-grid panel-has-style\" ><div class=\"panel-row-style panel-row-style-for-500-1\" ><div id=\"pgc-500-1-0\"  class=\"panel-grid-cell\" ><div id=\"panel-500-1-0-0\" class=\"so-panel widget widget_ndm-specs panel-first-child panel-last-child\" data-index=\"2\" ><div\n\t\t\t\n\t\t\tclass=\"so-widget-ndm-specs so-widget-ndm-specs-default-d75171398898-500\"\n\t\t\t\n\t\t><div class=\"ndm-specs\">\r\n\t<div class=\"row\">\r\n\t\t<div class=\"ndm-specs__img-wrapper col-lg-6\">\r\n\t\t\t<div class=\"ndm-specs__img h-100\">\r\n\t\t\t\t<img decoding=\"async\" src=\"https:\/\/infopark.hu\/wp-content\/uploads\/2025\/02\/nemzeti-szinhaz.jpg\" title=\"Nemzeti sz\u00ednh\u00e1z\" alt=\"Nemzeti sz\u00ednh\u00e1z\" loading=\"lazy\">\t\t\t<\/div>\r\n\t\t<\/div>\r\n\t\t<div class=\"col-lg-6\">\r\n\t\t\t<div class=\"ndm-specs__content h-100\">\r\n\t\t\t\t<h2 class=\"ndm-specs__title ndm-section-title\">Surrounding facilities of Infopark<\/h2><ul>\n<li>Palace of Arts (M\u00dcPA)<\/li>\n<li>National Theatre<\/li>\n<li>Budapest University of Technology and Economics (BME)<\/li>\n<li>E\u00f6tv\u00f6s L\u00f3r\u00e1nd University (ELTE)<\/li>\n<li>Ludwig museum<\/li>\n<li>Hotel Gell\u00e9rt and Spa<\/li>\n<li>A38 Event and restaurant ship<\/li>\n<li>Kopaszi dike<\/li>\n<li>T\u00fcskecsarnok sports hall<\/li>\n<\/ul>\n\t\t\t<\/div>\r\n\t\t<\/div>\r\n\t<\/div>\r\n<\/div><\/div><\/div><\/div><\/div><\/div><div id=\"pg-500-2\"  class=\"panel-grid panel-has-style\" ><div class=\"panel-row-style panel-row-style-for-500-2\" ><div id=\"pgc-500-2-0\"  class=\"panel-grid-cell\" ><div id=\"panel-500-2-0-0\" class=\"so-panel widget widget_ndm-img-grid panel-first-child panel-last-child\" data-index=\"3\" ><div\n\t\t\t\n\t\t\tclass=\"so-widget-ndm-img-grid so-widget-ndm-img-grid-default-d75171398898-500\"\n\t\t\t\n\t\t><div class=\"ndm-img-grid\">    <div class=\"row\">\r\n                        \r\n                <figure class=\"ndm-ig__item col-md-4\">\r\n                    <a href=\"https:\/\/infopark.hu\/wp-content\/uploads\/2024\/11\/terkep1_b.jpg\" class=\"d-block h-100\" \r\n                       data-fancybox=\"gallery\" \r\n                       aria-label=\"Nagy\u00edtott k\u00e9p megtekint\u00e9se\" \r\n                       >\r\n                        <img decoding=\"async\" src=\"https:\/\/infopark.hu\/wp-content\/uploads\/2024\/11\/terkep1_b.jpg\" \r\n                             alt=\"K\u00e9p\">\r\n                    <\/a>\r\n                <\/figure>\r\n                                \r\n                <figure class=\"ndm-ig__item col-md-4\">\r\n                    <a href=\"https:\/\/infopark.hu\/wp-content\/uploads\/2025\/02\/kopaszi-gat_-infopark-tomegkozlekedes-vagott.jpg\" class=\"d-block h-100\" \r\n                       data-fancybox=\"gallery\" \r\n                       aria-label=\"kopaszi g\u00e1t_ Infopark t\u00f6megk\u00f6zleked\u00e9s v\u00e1gott\" \r\n                       title=\"kopaszi g\u00e1t_ Infopark t\u00f6megk\u00f6zleked\u00e9s v\u00e1gott\">\r\n                        <img decoding=\"async\" src=\"https:\/\/infopark.hu\/wp-content\/uploads\/2025\/02\/kopaszi-gat_-infopark-tomegkozlekedes-vagott.jpg\" \r\n                             alt=\"K\u00e9p\">\r\n                    <\/a>\r\n                <\/figure>\r\n                                \r\n                <figure class=\"ndm-ig__item col-md-4\">\r\n                    <a href=\"https:\/\/infopark.hu\/wp-content\/uploads\/2024\/11\/infopark-parkolo.jpg\" class=\"d-block h-100\" \r\n                       data-fancybox=\"gallery\" \r\n                       aria-label=\"Infopark-parkolo\" \r\n                       title=\"Infopark-parkolo\">\r\n                        <img decoding=\"async\" src=\"https:\/\/infopark.hu\/wp-content\/uploads\/2024\/11\/infopark-parkolo.jpg\" \r\n                             alt=\"K\u00e9p\">\r\n                    <\/a>\r\n                <\/figure>\r\n                    <\/div>\r\n<\/div><\/div><\/div><\/div><\/div><\/div><\/div>","protected":false},"excerpt":{"rendered":"<p>Infopark is situated in the 11th district of Budapest, near the Buda abutment of R\u00e1k\u00f3czi\u00a0bridge, in&#8230;<\/p>\n","protected":false},"author":2,"featured_media":0,"parent":0,"menu_order":3,"comment_status":"closed","ping_status":"closed","template":"fullwidth.php","meta":{"footnotes":""},"class_list":["post-500","page","type-page","status-publish","hentry"],"_links":{"self":[{"href":"https:\/\/infopark.hu\/en\/wp-json\/wp\/v2\/pages\/500","targetHints":{"allow":["GET"]}}],"collection":[{"href":"https:\/\/infopark.hu\/en\/wp-json\/wp\/v2\/pages"}],"about":[{"href":"https:\/\/infopark.hu\/en\/wp-json\/wp\/v2\/types\/page"}],"author":[{"embeddable":true,"href":"https:\/\/infopark.hu\/en\/wp-json\/wp\/v2\/users\/2"}],"replies":[{"embeddable":true,"href":"https:\/\/infopark.hu\/en\/wp-json\/wp\/v2\/comments?post=500"}],"version-history":[{"count":7,"href":"https:\/\/infopark.hu\/en\/wp-json\/wp\/v2\/pages\/500\/revisions"}],"predecessor-version":[{"id":971,"href":"https:\/\/infopark.hu\/en\/wp-json\/wp\/v2\/pages\/500\/revisions\/971"}],"wp:attachment":[{"href":"https:\/\/infopark.hu\/en\/wp-json\/wp\/v2\/media?parent=500"}],"curies":[{"name":"wp","href":"https:\/\/api.w.org\/{rel}","templated":true}]}}