{"id":497,"date":"2024-11-05T15:16:13","date_gmt":"2024-11-05T14:16:13","guid":{"rendered":"https:\/\/infopark.hu\/infopark-budapest\/"},"modified":"2024-11-21T18:42:13","modified_gmt":"2024-11-21T17:42:13","slug":"infopark-budapest","status":"publish","type":"page","link":"https:\/\/infopark.hu\/en\/infopark-budapest\/","title":{"rendered":"Infopark Budapest"},"content":{"rendered":"<div id=\"pl-497\"  class=\"panel-layout\" ><div id=\"pg-497-0\"  class=\"panel-grid panel-no-style\" ><div id=\"pgc-497-0-0\"  class=\"panel-grid-cell\" ><div id=\"panel-497-0-0-0\" class=\"so-panel widget widget_ndm-editor panel-first-child panel-last-child\" data-index=\"0\" ><div\n\t\t\t\n\t\t\tclass=\"so-widget-ndm-editor so-widget-ndm-editor-default-d75171398898-497\"\n\t\t\t\n\t\t><div class=\"ndm-editor mb-3 ndm-editor--hl\" data-columns=\"1\"><p>Infopark is the first innovation and technology park of Central and Eastern Europe. It is an innovation centre primarily for IT, telecommunication and software development companies where such multinational companies as Lufhansa Systems, Hungarian Telekom, IT-Services Hungary as well as young innovative companies found a place for their head office. The seat of the European Institute for Innovation and Technology (EIT) is found in the Infopark Building E. The office park has nearly 100,000 m<sup>2<\/sup>\u00a0space to rent, offering high quality office and working environment for about 7,000 employees.<\/p>\n<\/div><\/div><\/div><\/div><\/div><div id=\"pg-497-1\"  class=\"panel-grid panel-has-style\" ><div class=\"siteorigin-panels-stretch panel-row-style panel-row-style-for-497-1\" data-stretch-type=\"full-width-stretch\" ><div id=\"pgc-497-1-0\"  class=\"panel-grid-cell\" ><div id=\"panel-497-1-0-0\" class=\"so-panel widget widget_ndm-img-grid panel-first-child panel-last-child\" data-index=\"1\" ><div\n\t\t\t\n\t\t\tclass=\"so-widget-ndm-img-grid so-widget-ndm-img-grid-default-d75171398898-497\"\n\t\t\t\n\t\t><div class=\"ndm-img-grid ps-3 pe-3 ps-lg-4 pe-lg-4\">    <div class=\"row\">\r\n                        \r\n                <figure class=\"ndm-ig__item col-6 col-lg-3\">\r\n                    <a href=\"https:\/\/infopark.hu\/wp-content\/uploads\/2024\/11\/011ok.jpg\" class=\"d-block h-100\" \r\n                       data-fancybox=\"gallery\" \r\n                       aria-label=\"_011ok\" \r\n                       title=\"_011ok\">\r\n                        <img decoding=\"async\" src=\"https:\/\/infopark.hu\/wp-content\/uploads\/2024\/11\/011ok.jpg\" \r\n                             alt=\"K\u00e9p\">\r\n                    <\/a>\r\n                <\/figure>\r\n                                \r\n                <figure class=\"ndm-ig__item col-6 col-lg-3\">\r\n                    <a href=\"https:\/\/infopark.hu\/wp-content\/uploads\/2024\/11\/ivg_028.jpg\" class=\"d-block h-100\" \r\n                       data-fancybox=\"gallery\" \r\n                       aria-label=\"ivg_028\" \r\n                       title=\"ivg_028\">\r\n                        <img decoding=\"async\" src=\"https:\/\/infopark.hu\/wp-content\/uploads\/2024\/11\/ivg_028.jpg\" \r\n                             alt=\"K\u00e9p\">\r\n                    <\/a>\r\n                <\/figure>\r\n                                \r\n                <figure class=\"ndm-ig__item col-6 col-lg-3\">\r\n                    <a href=\"https:\/\/infopark.hu\/wp-content\/uploads\/2024\/11\/078.jpg\" class=\"d-block h-100\" \r\n                       data-fancybox=\"gallery\" \r\n                       aria-label=\"078\" \r\n                       title=\"078\">\r\n                        <img decoding=\"async\" src=\"https:\/\/infopark.hu\/wp-content\/uploads\/2024\/11\/078.jpg\" \r\n                             alt=\"K\u00e9p\">\r\n                    <\/a>\r\n                <\/figure>\r\n                                \r\n                <figure class=\"ndm-ig__item col-6 col-lg-3\">\r\n                    <a href=\"https:\/\/infopark.hu\/wp-content\/uploads\/2024\/11\/e_foto_090909_04.jpg\" class=\"d-block h-100\" \r\n                       data-fancybox=\"gallery\" \r\n                       aria-label=\"e_foto_090909_04\" \r\n                       title=\"e_foto_090909_04\">\r\n                        <img decoding=\"async\" src=\"https:\/\/infopark.hu\/wp-content\/uploads\/2024\/11\/e_foto_090909_04.jpg\" \r\n                             alt=\"K\u00e9p\">\r\n                    <\/a>\r\n                <\/figure>\r\n                    <\/div>\r\n<\/div><\/div><\/div><\/div><\/div><\/div><div id=\"pg-497-2\"  class=\"panel-grid panel-has-style\" ><div class=\"panel-row-style panel-row-style-for-497-2\" ><div id=\"pgc-497-2-0\"  class=\"panel-grid-cell\" ><div id=\"panel-497-2-0-0\" class=\"so-panel widget widget_ndm-editor panel-first-child panel-last-child\" data-index=\"2\" ><div\n\t\t\t\n\t\t\tclass=\"so-widget-ndm-editor so-widget-ndm-editor-default-d75171398898-497\"\n\t\t\t\n\t\t><div class=\"ndm-editor mb-3 ndm-editor--jf\" data-columns=\"2\"><p>The Infopark's clinker brick buildings with unified design, arranged in a campus style layout, are situated in a high standard, landscaped environment with first class office spaces and up-to-date services.<\/p>\n<p>At the time of commencing the development of Infopark IVG donated DEM 1 million to establish the InfoPark Foundation. The purpose of the Foundation is to support, with due consideration of the implementation objectives of Infopark, applied research and development (including its utilization) contributing to the development of society and economy in particular, and aimed to establish a network of connections between science and economy.<\/p>\n<p>Office buildings developed by IVG can boast of several property awards: building C received the award of CIJ for\u00a0<strong>\u2019The best office development in 2005\u2019<\/strong>\u00a0and the award of Real Estate and Investment for\u00a0<strong>\u2019The real estate project of the year 2005\u2019<\/strong>. The office building D received the award of CIJ for\u00a0<strong>\u2019The best office building development in 2007\u2019<\/strong>\u00a0and the\u00a0<strong>\u2019Budapest architectural prize of 2007\u2019<\/strong>, in the year of hand-over.<\/p>\n<p>Infopark building E is the first building in Hungary which has achieved\u00a0a\u00a0<strong>LEED Silver<\/strong>\u00a0certification.<\/p>\n<\/div><\/div><\/div><\/div><\/div><\/div><div id=\"pg-497-3\"  class=\"panel-grid panel-has-style\" ><div class=\"panel-row-style panel-row-style-for-497-3\" ><div id=\"pgc-497-3-0\"  class=\"panel-grid-cell\" ><div id=\"panel-497-3-0-0\" class=\"so-panel widget widget_ndm-solutions panel-first-child panel-last-child\" data-index=\"3\" ><div\n\t\t\t\n\t\t\tclass=\"so-widget-ndm-solutions so-widget-ndm-solutions-default-d75171398898-497\"\n\t\t\t\n\t\t><div class=\"ndm-solutions\">\r\n\t<div class=\"row\">\r\n\t\t<div class=\"col-lg-6\">\r\n\t\t\t<div class=\"ndm-solutions__content h-100\">\r\n\t\t\t\t<h2 class=\"ndm-solutions__title ndm-section-title\">K\u00f6rnyezettudatos megold\u00e1sok<\/h2><ul>\n<li>E \u00e9p\u00fclet LEED Silver min\u0151s\u00edt\u00e9s \u2013 els\u0151k\u00e9nt Magyarorsz\u00e1gon<\/li>\n<li>Energiatakar\u00e9kos T5 f\u00e9nycs\u00f6vek az irod\u00e1kban<\/li>\n<li>Mozg\u00e1s\u00e9rz\u00e9kel\u0151 vil\u00e1g\u00edt\u00e1svez\u00e9rl\u00e9s a k\u00f6z\u00f6s ter\u00fcleteken<\/li>\n<li>Homlokzatok es ablakok speci\u00e1lis \u00e9p\u00edt\u00e9szeti kialak\u00edt\u00e1sa a vil\u00e1g\u00edt\u00e1si ig\u00e9ny cs\u00f6kkent\u00e9s\u00e9re<\/li>\n<li>Min\u0151s\u00e9gi homlokzati \u00e9s tet\u0151szigetel\u00e9sek, h\u0151h\u00edd-mentes szerkezetek \u00e9s ablakprofilok<\/li>\n<li>K\u00f6rnyezetbar\u00e1t anyagok haszn\u00e1lata az \u00e9p\u00edt\u00e9s sor\u00e1n<\/li>\n<li>P\u00e1ravisszanyer\u0151 a l\u00e9gtechnikai rendszerben<\/li>\n<li>\u00c9p\u00fcletfel\u00fcgyeleti rendszer<\/li>\n<li>K\u00f6rnyezettudatos \u00fczemeltet\u00e9s<\/li>\n<li>K\u00f6rnyezetk\u00edm\u00e9l\u0151 anyagok haszn\u00e1lata az \u00fczemeltet\u00e9s sor\u00e1n<\/li>\n<li>Nagym\u00e9ret\u0171 akt\u00edv z\u00f6ldfel\u00fclet a parkban<\/li>\n<\/ul>\n\t\t\t<\/div>\r\n\t\t<\/div>\r\n\t\t<div class=\"col-lg-6\">\r\n\t\t\t<div class=\"ndm-solutions__img h-100\">\r\n\t\t\t\t<img decoding=\"async\" src=\"https:\/\/infopark.hu\/wp-content\/uploads\/2024\/11\/infopark-budapest-lepcso.jpg\" title=\"Infopark Budapest\" alt=\"L\u00e9pcs\u0151\" loading=\"lazy\">\t\t\t<\/div>\r\n\t\t<\/div>\r\n\t<\/div>\r\n<\/div><\/div><\/div><\/div><\/div><\/div><div id=\"pg-497-4\"  class=\"panel-grid panel-has-style\" ><div class=\"siteorigin-panels-stretch panel-row-style panel-row-style-for-497-4\" data-stretch-type=\"full-width-stretch\" ><div id=\"pgc-497-4-0\"  class=\"panel-grid-cell\" ><div id=\"panel-497-4-0-0\" class=\"so-panel widget widget_ndm-text-on-image panel-first-child panel-last-child\" data-index=\"4\" ><div\n\t\t\t\n\t\t\tclass=\"so-widget-ndm-text-on-image so-widget-ndm-text-on-image-default-d75171398898-497\"\n\t\t\t\n\t\t><div class=\"ndm-toi\" style=\"background-image: url('https:\/\/infopark.hu\/wp-content\/uploads\/2024\/11\/infopark-budapest-kellemes-kornyezet.jpg');\">\r\n\t<div class=\"container\">\r\n\t\t<div class=\"row\">\r\n\t\t\t<div class=\"col-md-8 offset-md-4 col-lg-6 offset-lg-6 offset-lg-6\">\r\n\t\t\t\t<div class=\"ndm-toi__content\">\r\n\t\t\t\t\t<h2 class=\"ndm-toi__title ndm-section-title\">Kellemes k\u00f6rnyezet<\/h2><ul>\n<li>Gondozott, parkos\u00edtott k\u00f6rnyezet. Z\u00f6ld ter\u00fclet ar\u00e1ny 50 %.<\/li>\n<li>Leny\u0171g\u00f6z\u0151 panor\u00e1ma a fels\u0151 szintekr\u0151l<\/li>\n<li>Az egyetemi v\u00e1rosr\u00e9sz hagyom\u00e1nyaihoz, hangulat\u00e1hoz illeszked\u0151 ig\u00e9nyes klinker homlokzatok, term\u00e9szetes k\u0151burkolatok<\/li>\n<li>S\u00e9t\u00e1nyokkal \u00e1tsz\u0151tt, kellemes k\u00f6rnyezet<\/li>\n<\/ul>\n\t\t\t\t<\/div>\r\n\t\t\t<\/div>\r\n\t\t<\/div>\r\n\t<\/div>\r\n<\/div><\/div><\/div><\/div><\/div><\/div><div id=\"pg-497-5\"  class=\"panel-grid panel-has-style\" ><div class=\"panel-row-style panel-row-style-for-497-5\" ><div id=\"pgc-497-5-0\"  class=\"panel-grid-cell\" ><div id=\"panel-497-5-0-0\" class=\"so-panel widget widget_ndm-specs panel-first-child panel-last-child\" data-index=\"5\" ><div\n\t\t\t\n\t\t\tclass=\"so-widget-ndm-specs so-widget-ndm-specs-default-d75171398898-497\"\n\t\t\t\n\t\t><div class=\"ndm-specs\">\r\n\t<div class=\"row\">\r\n\t\t<div class=\"ndm-specs__img-wrapper col-lg-6\">\r\n\t\t\t<div class=\"ndm-specs__img h-100\">\r\n\t\t\t\t<img decoding=\"async\" src=\"https:\/\/infopark.hu\/wp-content\/uploads\/2024\/11\/infopark-budapest-technikai-reszletek.jpg\" title=\"Infopark Budapest technikai r\u00e9szletek\" alt=\"Lobby bels\u0151 k\u00e9p\" loading=\"lazy\">\t\t\t<\/div>\r\n\t\t<\/div>\r\n\t\t<div class=\"col-lg-6\">\r\n\t\t\t<div class=\"ndm-specs__content h-100\">\r\n\t\t\t\t<h2 class=\"ndm-specs__title ndm-section-title\">Technikai r\u00e9szletek<\/h2><ul>\n<li>Min\u0151s\u00e9gi \u00e9p\u00edt\u00e9si- \u00e9s burkol\u00f3anyagok<\/li>\n<li>Kit\u0171n\u0151 term\u00e9szetes megvil\u00e1g\u00edt\u00e1s<\/li>\n<li>Hat\u00e9kony h\u0151- \u00e9s napv\u00e9d\u0151 \u00fcvegez\u00e9s (C, D es E \u00e9p\u00fclet)<\/li>\n<li>H\u0151v\u00e9d\u0151 \u00fcvegez\u00e9s; k\u00fcls\u0151, lamell\u00e1s napv\u00e9delem (B es I \u00e9p\u00fclet)<\/li>\n<li>Nyithat\u00f3 ablakok<\/li>\n<li>Kiemelked\u0151 h\u0171t\u00e9si \u00e9s g\u00e9pi szell\u0151z\u00e9si kapacit\u00e1s (C, D es E \u00e9p\u00fclet)<\/li>\n<li>Hat\u00e9kony ter\u00fclet-kihaszn\u00e1l\u00e1s<\/li>\n<li>Rugalmas bels\u0151 v\u00e1laszfalaz\u00e1s<\/li>\n<li>K\u00e1rty\u00e1s beleptet\u0151 rendszer<\/li>\n<li>Kulcsrak\u00e9sz kialak\u00edt\u00e1s<\/li>\n<li>Felszerelt konyha minden b\u00e9rleti egys\u00e9gben<\/li>\n<li>K\u00f6zponti h\u0171t\u00e9s-f\u0171t\u00e9s<\/li>\n<li>\u00c1lpadl\u00f3 \u00e1thelyezhet\u0151 dugaljdobozokkal<\/li>\n<li>Magas min\u0151s\u00e9g\u0171 ki\u00e9p\u00edt\u00e9si standard<\/li>\n<li>24 \u00f3r\u00e1s biztons\u00e1gi szolg\u00e1lat<\/li>\n<li>Z\u00e1rtl\u00e1nc\u00fa biztons\u00e1gi vide\u00f3 kamer\u00e1k<\/li>\n<\/ul>\n\t\t\t<\/div>\r\n\t\t<\/div>\r\n\t<\/div>\r\n<\/div><\/div><\/div><\/div><\/div><\/div><\/div>","protected":false},"excerpt":{"rendered":"<p>Infopark is the first innovation and technology park of Central and Eastern Europe. It is an&#8230;<\/p>\n","protected":false},"author":2,"featured_media":0,"parent":0,"menu_order":2,"comment_status":"closed","ping_status":"closed","template":"fullwidth.php","meta":{"footnotes":""},"class_list":["post-497","page","type-page","status-publish","hentry"],"_links":{"self":[{"href":"https:\/\/infopark.hu\/en\/wp-json\/wp\/v2\/pages\/497","targetHints":{"allow":["GET"]}}],"collection":[{"href":"https:\/\/infopark.hu\/en\/wp-json\/wp\/v2\/pages"}],"about":[{"href":"https:\/\/infopark.hu\/en\/wp-json\/wp\/v2\/types\/page"}],"author":[{"embeddable":true,"href":"https:\/\/infopark.hu\/en\/wp-json\/wp\/v2\/users\/2"}],"replies":[{"embeddable":true,"href":"https:\/\/infopark.hu\/en\/wp-json\/wp\/v2\/comments?post=497"}],"version-history":[{"count":3,"href":"https:\/\/infopark.hu\/en\/wp-json\/wp\/v2\/pages\/497\/revisions"}],"predecessor-version":[{"id":770,"href":"https:\/\/infopark.hu\/en\/wp-json\/wp\/v2\/pages\/497\/revisions\/770"}],"wp:attachment":[{"href":"https:\/\/infopark.hu\/en\/wp-json\/wp\/v2\/media?parent=497"}],"curies":[{"name":"wp","href":"https:\/\/api.w.org\/{rel}","templated":true}]}}