{"id":469,"date":"2023-09-20T17:50:00","date_gmt":"2023-09-20T15:50:00","guid":{"rendered":"https:\/\/infopark.hu\/impresszum\/"},"modified":"2024-11-17T09:28:30","modified_gmt":"2024-11-17T08:28:30","slug":"imprint","status":"publish","type":"page","link":"https:\/\/infopark.hu\/en\/imprint\/","title":{"rendered":"Imprint"},"content":{"rendered":"<div id=\"pl-469\"  class=\"panel-layout\" ><div id=\"pg-469-0\"  class=\"panel-grid panel-no-style\" ><div id=\"pgc-469-0-0\"  class=\"panel-grid-cell\" ><div id=\"panel-469-0-0-0\" class=\"so-panel widget widget_ndm-imprint panel-first-child panel-last-child\" data-index=\"0\" ><div\n\t\t\t\n\t\t\tclass=\"so-widget-ndm-imprint so-widget-ndm-imprint-default-d75171398898-469\"\n\t\t\t\n\t\t><div class=\"ndm-imprint__provider mb-3 mb-lg-5\"><h4 class=\"ndm-heading col-12 Park Management Kft. mb-2\">Service provider<\/h4><p class=\"mb-0\"><strong>Park Management Kft.<\/strong><\/p><p class=\"mb-0\"><strong>Address: <\/strong>H-1143 Budapest, Stef\u00e1nia str. 101-103.<\/p><p class=\"mb-0\"><strong>VAT number: <\/strong>14563074-2-43<\/p><p class=\"mb-0\"><strong>Registration number: <\/strong>01-09-909553 (Court of Registration: F\u0151v\u00e1rosi T\u00f6rv\u00e9nysz\u00e9k C\u00e9gb\u00edr\u00f3s\u00e1ga)<\/p><\/div><div class=\"ndm-imprint__storage mb-3 mb-lg-5\"><h4 class=\"ndm-heading col-12 mb-2\">Hosting Provider<\/h4><p class=\"mb-0\"><strong>Company name: <\/strong>Different Fejleszt\u0151 Kft.<\/p><p class=\"mb-0\"><strong>Address: <\/strong>H-9022 Gy\u0151r, Ap\u00e1ca str. 51.<\/p><p class=\"mb-0\"><strong>Email: <\/strong><a href=\"mailto:info@different.hu\">info@different.hu<\/a><\/p><\/div><div class=\"ndm-imprint__copyright\"><h4 class=\"ndm-heading col-12 mb-2\">Copyright Notes<\/h4><p>This website is published by Infopark Budapest.<\/p>\n<p>Infopark Budapest reserves all rights to copy and distribute any part of the Website (textual content, photos, etc.) by any method or technique. The content and design of the pages belonging to this page are protected by international and Hungarian laws. They may not be published, broadcast or retransmitted in any medium, in whole or in part, or stored in whole or in part on a computer. No part of this site may be reproduced or transmitted in any form or by any means without the prior written permission of the Publisher.<\/p>\n<p>This statement is based on the 1999 Copyright Act. year LXXVI. Act 36. \u00a7 (2).<\/p>\n<\/div><\/div><\/div><\/div><\/div><\/div>","protected":false},"excerpt":{"rendered":"<p>Service providerPark Management Kft.Address: H-1143 Budapest, Stef\u00e1nia str. 101-103.VAT number: 14563074-2-43Registration number: 01-09-909553 (Court of Registration:&#8230;<\/p>\n","protected":false},"author":2,"featured_media":0,"parent":0,"menu_order":98,"comment_status":"closed","ping_status":"closed","template":"fullwidth.php","meta":{"footnotes":""},"class_list":["post-469","page","type-page","status-publish","hentry"],"_links":{"self":[{"href":"https:\/\/infopark.hu\/en\/wp-json\/wp\/v2\/pages\/469","targetHints":{"allow":["GET"]}}],"collection":[{"href":"https:\/\/infopark.hu\/en\/wp-json\/wp\/v2\/pages"}],"about":[{"href":"https:\/\/infopark.hu\/en\/wp-json\/wp\/v2\/types\/page"}],"author":[{"embeddable":true,"href":"https:\/\/infopark.hu\/en\/wp-json\/wp\/v2\/users\/2"}],"replies":[{"embeddable":true,"href":"https:\/\/infopark.hu\/en\/wp-json\/wp\/v2\/comments?post=469"}],"version-history":[{"count":3,"href":"https:\/\/infopark.hu\/en\/wp-json\/wp\/v2\/pages\/469\/revisions"}],"predecessor-version":[{"id":475,"href":"https:\/\/infopark.hu\/en\/wp-json\/wp\/v2\/pages\/469\/revisions\/475"}],"wp:attachment":[{"href":"https:\/\/infopark.hu\/en\/wp-json\/wp\/v2\/media?parent=469"}],"curies":[{"name":"wp","href":"https:\/\/api.w.org\/{rel}","templated":true}]}}